{"id":135,"date":"2021-05-12T11:36:55","date_gmt":"2021-05-12T11:36:55","guid":{"rendered":"http:\/\/topografiaperezzafra.com\/index.php\/home\/"},"modified":"2022-03-06T09:45:32","modified_gmt":"2022-03-06T08:45:32","slug":"home","status":"publish","type":"page","link":"https:\/\/topografiaperezzafra.com\/","title":{"rendered":"El Estudio"},"content":{"rendered":"\n<div class=\"wp-block-cover is-light has-custom-content-position is-position-bottom-left\" style=\"min-height:400px;aspect-ratio:unset;\"><span aria-hidden=\"true\" class=\"wp-block-cover__gradient-background has-background-dim\"><\/span><img fetchpriority=\"high\" decoding=\"async\" width=\"896\" height=\"928\" class=\"wp-block-cover__image-background wp-image-323\" alt=\"\" src=\"https:\/\/topografiaperezzafra.com\/wp-content\/uploads\/2022\/02\/Fondo35.jpg\" style=\"object-position:95% 0%\" data-object-fit=\"cover\" data-object-position=\"95% 0%\" srcset=\"https:\/\/topografiaperezzafra.com\/wp-content\/uploads\/2022\/02\/Fondo35.jpg 896w, https:\/\/topografiaperezzafra.com\/wp-content\/uploads\/2022\/02\/Fondo35-290x300.jpg 290w, https:\/\/topografiaperezzafra.com\/wp-content\/uploads\/2022\/02\/Fondo35-768x795.jpg 768w\" sizes=\"(max-width: 896px) 100vw, 896px\" \/><div class=\"wp-block-cover__inner-container is-layout-flow wp-block-cover-is-layout-flow\">\n<h1 class=\"has-ast-global-color-5-color has-text-color wp-block-heading\">El Estudio<\/h1>\n<\/div><\/div>\n\n\n\n<div class=\"wp-block-cover alignfull is-light has-parallax\" style=\"background-image:url(https:\/\/topografiaperezzafra.com\/wp-content\/uploads\/2022\/02\/Fondo35.jpg);min-height:1000px;aspect-ratio:unset;\"><span aria-hidden=\"true\" class=\"has-background-dim-0 wp-block-cover__gradient-background has-background-dim\"><\/span><div class=\"wp-block-cover__inner-container is-layout-flow wp-block-cover-is-layout-flow\">\n<h3 class=\"wp-block-heading\">Los Ingenieros en Topograf\u00eda colegiados, somos los especialistas que garantizamos la correcta georreferenciaci\u00f3n de tus bienes y servicios. &nbsp;<\/h3>\n\n\n\n<p><\/p>\n\n\n\n<p>En <strong>Topograf\u00eda<\/strong> <strong><mark style=\"background-color:rgba(0, 0, 0, 0);color:#808000\" class=\"has-inline-color\">P\u00e9rez Zafra<\/mark><\/strong>, se realizan todo tipo de trabajos asociados a un <strong>Ingeniero T\u00e9cnico en Topograf\u00eda<\/strong> como profesional aut\u00f3nomo y colegiado, dando todas las garant\u00edas al cliente de que los realiza un profesional competente y respaldado por el <strong>Colegio Oficial de Ingenier\u00eda Geom\u00e1tica y Topogr\u00e1fica.<\/strong><\/p>\n\n\n\n<p>Adem\u00e1s, con la formaci\u00f3n espec\u00edfica de \u201cMaster en Catastro, Urbanismo y Valoraciones\u201d estamos especializados en la delimitaci\u00f3n de la propiedad en todos sus \u00e1mbitos.<\/p>\n\n\n\n<ul class=\"wp-block-list\"><li><strong>Levantamientos Topogr\u00e1ficos<\/strong><\/li><li><strong>Replanteos<\/strong><\/li><li><strong>Medici\u00f3n y Parcelaciones de todo tipo de superficies<\/strong><\/li><li><strong>Gestiones Catastrales<\/strong><\/li><li><strong>Generaci\u00f3n de Informes y GML para Catastro, Notar\u00edas y Registro de la Propiedad.<\/strong><\/li><li><strong>Certificados de Georreferenciaci\u00f3n<\/strong><\/li><li><strong>Apoyo Topogr\u00e1fico en obras<\/strong><\/li><li><strong>Certificados de Eficiencia Energ\u00e9tica<\/strong><\/li><li><strong>\u2026<\/strong><\/li><\/ul>\n\n\n\n<p>Disponemos de un instrumental topogr\u00e1fico <strong>GPS propio<\/strong>, que nos permite realizar con rapidez y eficacia todos los trabajos anteriormente citados, con las precisiones requeridas para cada uno.<\/p>\n\n\n\n<p>De esta manera, podemos reducir costes y aumentar los servicios prestados a nuestros clientes. Consulte sin compromiso.<\/p>\n\n\n\n<div class=\"wp-block-image is-style-default\"><figure class=\"aligncenter size-large\"><img decoding=\"async\" width=\"1024\" height=\"576\" src=\"https:\/\/topografiaperezzafra.com\/wp-content\/uploads\/2022\/03\/Foto-de-A.-Luis-1024x576.jpeg\" alt=\"\" class=\"wp-image-537\" srcset=\"https:\/\/topografiaperezzafra.com\/wp-content\/uploads\/2022\/03\/Foto-de-A.-Luis-1024x576.jpeg 1024w, https:\/\/topografiaperezzafra.com\/wp-content\/uploads\/2022\/03\/Foto-de-A.-Luis-300x169.jpeg 300w, https:\/\/topografiaperezzafra.com\/wp-content\/uploads\/2022\/03\/Foto-de-A.-Luis-768x432.jpeg 768w, https:\/\/topografiaperezzafra.com\/wp-content\/uploads\/2022\/03\/Foto-de-A.-Luis-1536x864.jpeg 1536w, https:\/\/topografiaperezzafra.com\/wp-content\/uploads\/2022\/03\/Foto-de-A.-Luis.jpeg 1600w\" sizes=\"(max-width: 1024px) 100vw, 1024px\" \/><figcaption>Georreferenciaci\u00f3n de finca r\u00fastica de olivar para Subsanaci\u00f3n Catastral con GPS Topogr\u00e1fico en modo GPRS NTRIP, obteniendo coordenadas en tiempo real.<\/figcaption><\/figure><\/div>\n<\/div><\/div>\n","protected":false},"excerpt":{"rendered":"","protected":false},"author":1,"featured_media":0,"parent":0,"menu_order":0,"comment_status":"closed","ping_status":"closed","template":"elementor_header_footer","meta":{"om_disable_all_campaigns":false,"_monsterinsights_skip_tracking":false,"_monsterinsights_sitenote_active":false,"_monsterinsights_sitenote_note":"","_monsterinsights_sitenote_category":0,"site-sidebar-layout":"no-sidebar","site-content-layout":"plain-container","ast-site-content-layout":"default","site-content-style":"default","site-sidebar-style":"default","ast-global-header-display":"","ast-banner-title-visibility":"","ast-main-header-display":"","ast-hfb-above-header-display":"","ast-hfb-below-header-display":"","ast-hfb-mobile-header-display":"","site-post-title":"","ast-breadcrumbs-content":"","ast-featured-img":"disabled","footer-sml-layout":"","ast-disable-related-posts":"","theme-transparent-header-meta":"enabled","adv-header-id-meta":"","stick-header-meta":"","header-above-stick-meta":"","header-main-stick-meta":"","header-below-stick-meta":"","astra-migrate-meta-layouts":"default","ast-page-background-enabled":"default","ast-page-background-meta":{"desktop":{"background-color":"var(--ast-global-color-4)","background-image":"","background-repeat":"repeat","background-position":"center center","background-size":"auto","background-attachment":"scroll","background-type":"","background-media":"","overlay-type":"","overlay-color":"","overlay-opacity":"","overlay-gradient":""},"tablet":{"background-color":"","background-image":"","background-repeat":"repeat","background-position":"center center","background-size":"auto","background-attachment":"scroll","background-type":"","background-media":"","overlay-type":"","overlay-color":"","overlay-opacity":"","overlay-gradient":""},"mobile":{"background-color":"","background-image":"","background-repeat":"repeat","background-position":"center center","background-size":"auto","background-attachment":"scroll","background-type":"","background-media":"","overlay-type":"","overlay-color":"","overlay-opacity":"","overlay-gradient":""}},"ast-content-background-meta":{"desktop":{"background-color":"var(--ast-global-color-5)","background-image":"","background-repeat":"repeat","background-position":"center center","background-size":"auto","background-attachment":"scroll","background-type":"","background-media":"","overlay-type":"","overlay-color":"","overlay-opacity":"","overlay-gradient":""},"tablet":{"background-color":"var(--ast-global-color-5)","background-image":"","background-repeat":"repeat","background-position":"center center","background-size":"auto","background-attachment":"scroll","background-type":"","background-media":"","overlay-type":"","overlay-color":"","overlay-opacity":"","overlay-gradient":""},"mobile":{"background-color":"var(--ast-global-color-5)","background-image":"","background-repeat":"repeat","background-position":"center center","background-size":"auto","background-attachment":"scroll","background-type":"","background-media":"","overlay-type":"","overlay-color":"","overlay-opacity":"","overlay-gradient":""}},"footnotes":""},"class_list":["post-135","page","type-page","status-publish","hentry"],"aioseo_notices":[],"_links":{"self":[{"href":"https:\/\/topografiaperezzafra.com\/index.php\/wp-json\/wp\/v2\/pages\/135","targetHints":{"allow":["GET"]}}],"collection":[{"href":"https:\/\/topografiaperezzafra.com\/index.php\/wp-json\/wp\/v2\/pages"}],"about":[{"href":"https:\/\/topografiaperezzafra.com\/index.php\/wp-json\/wp\/v2\/types\/page"}],"author":[{"embeddable":true,"href":"https:\/\/topografiaperezzafra.com\/index.php\/wp-json\/wp\/v2\/users\/1"}],"replies":[{"embeddable":true,"href":"https:\/\/topografiaperezzafra.com\/index.php\/wp-json\/wp\/v2\/comments?post=135"}],"version-history":[{"count":20,"href":"https:\/\/topografiaperezzafra.com\/index.php\/wp-json\/wp\/v2\/pages\/135\/revisions"}],"predecessor-version":[{"id":586,"href":"https:\/\/topografiaperezzafra.com\/index.php\/wp-json\/wp\/v2\/pages\/135\/revisions\/586"}],"wp:attachment":[{"href":"https:\/\/topografiaperezzafra.com\/index.php\/wp-json\/wp\/v2\/media?parent=135"}],"curies":[{"name":"wp","href":"https:\/\/api.w.org\/{rel}","templated":true}]}}